{"id":3033,"date":"2020-03-10T15:36:27","date_gmt":"2020-03-10T15:36:27","guid":{"rendered":"https:\/\/pelicula.qodeinteractive.com\/?page_id=3"},"modified":"2021-08-02T11:11:36","modified_gmt":"2021-08-02T09:11:36","slug":"privacy-policy-2","status":"publish","type":"page","link":"https:\/\/wizmedia.it\/en\/privacy-policy-2\/","title":{"rendered":"Privacy Policy"},"content":{"rendered":"<div data-elementor-type=\"wp-page\" data-elementor-id=\"3033\" class=\"elementor elementor-3033\">\n\t\t\t\t\t\t<div class=\"elementor-inner\">\n\t\t\t\t<div class=\"elementor-section-wrap\">\n\t\t\t\t\t\t\t\t\t<section class=\"elementor-section elementor-top-section elementor-element elementor-element-e0de835 elementor-section-boxed elementor-section-height-default elementor-section-height-default qodef-elementor-content-no\" data-id=\"e0de835\" data-element_type=\"section\">\n\t\t\t\t\t\t\t<div class=\"elementor-background-overlay\"><\/div>\n\t\t\t\t\t\t\t<div class=\"elementor-container elementor-column-gap-default\">\n\t\t\t\t\t\t\t<div class=\"elementor-row\">\n\t\t\t\t\t<div class=\"elementor-column elementor-col-100 elementor-top-column elementor-element elementor-element-218ce7b\" data-id=\"218ce7b\" data-element_type=\"column\">\n\t\t\t<div class=\"elementor-column-wrap elementor-element-populated\">\n\t\t\t\t\t\t\t<div class=\"elementor-widget-wrap\">\n\t\t\t\t\t\t<div class=\"elementor-element elementor-element-27fff9c elementor-widget elementor-widget-pelicula_core_section_title\" data-id=\"27fff9c\" data-element_type=\"widget\" data-widget_type=\"pelicula_core_section_title.default\">\n\t\t\t\t<div class=\"elementor-widget-container\">\n\t\t\t<div class=\"qodef-shortcode qodef-m  qodef-section-title qodef-alignment--center qodef-title-break--disabled\" data-holder-options=\"{&quot;line-breaks&quot;:&quot;&quot;}\">\n\t\t\t<h1 class=\"qodef-m-title\" style=\"color: #FFFFFF\">\n\t\t\t\t\tPrivacy Policy\t\t\t<\/h1>\n\t<\/div>\t\t<\/div>\n\t\t\t\t<\/div>\n\t\t\t\t\t\t<\/div>\n\t\t\t\t\t<\/div>\n\t\t<\/div>\n\t\t\t\t\t\t\t\t<\/div>\n\t\t\t\t\t<\/div>\n\t\t<\/section>\n\t\t\t\t<section class=\"elementor-section elementor-top-section elementor-element elementor-element-77fa7093 elementor-section-boxed elementor-section-height-default elementor-section-height-default qodef-elementor-content-no\" data-id=\"77fa7093\" data-element_type=\"section\">\n\t\t\t\t\t\t<div class=\"elementor-container elementor-column-gap-default\">\n\t\t\t\t\t\t\t<div class=\"elementor-row\">\n\t\t\t\t\t<div class=\"elementor-column elementor-col-100 elementor-top-column elementor-element elementor-element-6ccc5a5b\" data-id=\"6ccc5a5b\" data-element_type=\"column\">\n\t\t\t<div class=\"elementor-column-wrap elementor-element-populated\">\n\t\t\t\t\t\t\t<div class=\"elementor-widget-wrap\">\n\t\t\t\t\t\t<div class=\"elementor-element elementor-element-1ea6b1f3 elementor-widget elementor-widget-text-editor\" data-id=\"1ea6b1f3\" data-element_type=\"widget\" data-widget_type=\"text-editor.default\">\n\t\t\t\t<div class=\"elementor-widget-container\">\n\t\t\t<style>\/*! elementor - v3.13.2 - 11-05-2023 *\/\n.elementor-widget-text-editor.elementor-drop-cap-view-stacked .elementor-drop-cap{background-color:#69727d;color:#fff}.elementor-widget-text-editor.elementor-drop-cap-view-framed .elementor-drop-cap{color:#69727d;border:3px solid;background-color:transparent}.elementor-widget-text-editor:not(.elementor-drop-cap-view-default) .elementor-drop-cap{margin-top:8px}.elementor-widget-text-editor:not(.elementor-drop-cap-view-default) .elementor-drop-cap-letter{width:1em;height:1em}.elementor-widget-text-editor .elementor-drop-cap{float:left;text-align:center;line-height:1;font-size:50px}.elementor-widget-text-editor .elementor-drop-cap-letter{display:inline-block}<\/style>\t\t\t\t\t<div class=\"elementor-text-editor elementor-clearfix\">\n\t\t\t\t<p><!-- wp:heading --><\/p>\n<p>Di seguito&nbsp;<strong>Wiz Media Srl<\/strong>, Le fornisce ai sensi dell\u2019articolo 13 del Regolamento Europeo n. 2016\/679, relativo alla protezione delle persone fisiche con riguardo al trattamento dei dati personali (di seguito \u201cGDPR\u201d) e della Raccomandazione n.2\/2001 del Gruppo di Lavoro art 29 della direttiva 95\/46\/CE alcune informazioni relative al trattamento dei Suoi dati personali in occasione della visita al sito www.wizmedia.it (di seguito \u201cSito\u201d).<\/p>\n<p><strong>TITOLARE DEL TRATTAMENTO<\/strong><\/p>\n<p>Titolare del trattamento \u00e8 Wiz Media srl, con sede in Via Alfredo Catalani 31 &#8211;&nbsp;<span style=\"letter-spacing: 0.02em;\">00199 \u2013 Roma, Italy<\/span><\/p>\n<p><strong>RESPONSABILE PER LA PROTEZIONE DATI<\/strong><\/p>\n<p>Il Responsabile per la protezione dati \u00e8 contattabile presso Wiz Media srl con sede&nbsp;<span style=\"letter-spacing: 0.28px; background-color: rgb(255, 255, 255);\">Via Alfredo Catalani 31 &#8211;&nbsp;<\/span><span style=\"background-color: rgb(255, 255, 255); letter-spacing: 0.02em;\">00199 \u2013 Roma, Italy<\/span>, indirizzo e-mail&nbsp;info@wizmedia.it<\/p>\n<p><strong>FINALIT\u00c0 DEL TRATTAMENTO, BASI GIURIDICHE E TERMINI DI CONSERVAZIONE<\/strong><\/p>\n<ul>\n<li><em>Dati di navigazione<\/em><\/li>\n<\/ul>\n<p>I sistemi informatici e le procedure software preposte al funzionamento di questo Sito web acquisiscono, nel corso del loro normale esercizio, alcuni dati personali la cui trasmissione \u00e8 implicita nell\u2019uso dei protocolli di comunicazione di Internet. Si tratta di informazioni che non sono raccolte per essere associate a interessati identificati, ma che, per loro stessa natura, potrebbero, attraverso elaborazioni ed associazioni con dati detenuti da terzi, permettere di identificare gli utenti.<br>In questa categoria di dati rientrano gli indirizzi IP o i nomi a dominio dei computer utilizzati dagli utenti che si connettono al Sito, gli indirizzi in notazione URI (Uniform Resource Identifier) delle risorse richieste, l\u2019orario della richiesta, il metodo utilizzato nel sottoporre la richiesta al server, la dimensione del file ottenuto in risposta, il codice numerico indicante lo stato della risposta data dal server (buon fine, errore, ecc.) ed altri parametri relativi al sistema operativo e all\u2019ambiente informatico dell\u2019utente.<br>Questi dati vengono utilizzati al solo fine di ricavare informazioni statistiche anonime sull\u2019uso del Sito e per controllarne il corretto funzionamento e vengono cancellati immediatamente dopo l\u2019elaborazione.<br>I dati potrebbero essere utilizzati per l\u2019accertamento di responsabilit\u00e0 in caso di ipotetici reati informatici ai danni del Sito.<br>La base giuridica che legittima il trattamento dei dati personali \u00e8 il legittimo interesse del titolare del trattamento.<\/p>\n<ul>\n<li><em>Cookie<\/em><\/li>\n<\/ul>\n<p>Le informazioni relative ai cookie utilizzati su questo Sito sono reperibili alla seguente url (<a href=\"https:\/\/centrojula.it\/index.php\/cookie-policy\/\">Cookie Policy<\/a>)<\/p>\n<ul>\n<li><em>Dati forniti volontariamente<\/em><\/li>\n<\/ul>\n<p>In alcune sezioni del Sito, Le verr\u00e0 richiesto di fornire dati personali. In tal caso Le verr\u00e0 fornita una informativa ai sensi dell\u2019art. 13 del GDPR relativa al trattamento dei dati personali relativa al trattamento dei dati personali in relazione alle singole finalit\u00e0 perseguite.<\/p>\n<p><strong>CONFERIMENTO DEI DATI<\/strong><\/p>\n<p>A parte quanto specificato sopra per i dati di navigazione e nelle informative ai sensi dell\u2019art. 13 del GDPR fornite nelle singole sezioni del Sito, il conferimento dei dati per finalit\u00e0 ulteriori \u00e8 facoltativo. Il loro mancato conferimento pu\u00f2 comportare l\u2019impossibilit\u00e0 di perseguire tali ulteriori finalit\u00e0.<\/p>\n<p><strong>DESTINATARI DEL TRATTAMENTO<\/strong><\/p>\n<p>I Suoi dati saranno trattati dai dipendenti e collaboratori di Wiz Media srl autorizzati al trattamento in quanto deputate al perseguimento delle finalit\u00e0 sopraindicate e che hanno ricevuto, al riguardo, adeguate istruzioni operative.<br>I Suoi dati potranno a essere comunicati a societ\u00e0, autonome titolari del trattamento, stabilite anche al di fuori dall\u2019Unione Europea ed in particolare a:<\/p>\n<ul>\n<li>Societ\u00e0 fornitrici di reti pubblicitarie o di servizi pubblicitari;<\/li>\n<li>Autorit\u00e0 ed organi di vigilanza e controllo ed in generale soggetti, pubblici o privati, legittimati a richiedere i dati.<\/li>\n<\/ul>\n<p>I Suoi dati possono essere trattati da soggetti esterni, espressamente nominati responsabili del trattamento, stabilite anche al di fuori dall\u2019Unione Europea ed in particolare:<\/p>\n<ul>\n<li>Societ\u00e0 che si occupano della gestione e manutenzione tecnica del sito;<\/li>\n<li>Altre societ\u00e0 che offrono servizi informatici e\/o di sviluppo e manutenzione Software;<\/li>\n<li>Societ\u00e0 che offrono strumenti di analisi della navigazione da parte degli utenti.<\/li>\n<\/ul>\n<p>L\u2019elenco dei destinatari dei dati \u00e8 costantemente aggiornato e pu\u00f2 essere reperito agevolmente e gratuitamente inviando una comunicazione scritta al Titolare del trattamento all\u2019indirizzo sopra indicato o all\u2019indirizzo e-mail&nbsp;info@wizmedia.it<\/p>\n<p><strong>TRASFERIMENTO DEI DATI FUORI DALL\u2019UNIONE EUROPEA<\/strong><\/p>\n<p>I dati possono essere trasferiti all\u2019estero in paesi non appartenenti all\u2019Unione Europea, sulla base di una decisione di adeguatezza adottata dalla Commissione Europea ai sensi dell\u2019art. 45 del GDPR ovvero previa sottoscrizione con l\u2019importatore dei dati delle clausole contrattuali standard adottate\/approvate dalla Commissione Europea ai sensi dell\u2019art. 46, 2, lett. c) e d) del GDPR.<br>Una copia delle garanzie adottate pu\u00f2 essere ottenuta inviando una comunicazione e-mail a:&nbsp;info@wizmedia.it<\/p>\n<p><strong>MODALIT\u00c0 DEL TRATTAMENTO<\/strong><\/p>\n<p>I Suoi dati personali saranno trattati con strumenti automatizzati per il tempo strettamente necessario a conseguire gli scopi per cui sono stati raccolti.<br>Specifiche misure di sicurezza sono osservate per prevenire la perdita dei dati, usi illeciti o non corretti ed accessi non autorizzati.<\/p>\n<p><strong>I SUOI DIRITTI<\/strong><\/p>\n<p>Lei pu\u00f2 chiedere al Titolare l\u2019accesso ai dati personali che La riguardano, la loro rettifica o la cancellazione, l\u2019integrazione dei dati personali incompleti, la limitazione del trattamento nei casi previsti dall\u2019art. 18 GDPR nonch\u00e9 l\u2019opposizione al trattamento nelle ipotesi di legittimo interesse del Titolare.<br>Lei, inoltre, per i casi in cui il trattamento sia basato sul consenso o sul contratto e sia effettuato con strumenti automatizzati ha il diritto di esercitare il diritto alla portabilit\u00e0 del dato ovvero di ricevere in un formato strutturato, di uso comune e leggibile da dispositivo automatico i dati personali, nonch\u00e9, se tecnicamente fattibile, di trasmetterli ad altro titolare senza impedimenti.<br>In ogni momento, Lei potr\u00e0 proporre reclamo all\u2019Autorit\u00e0 Garante per la Protezione dei Dati Personali, nonch\u00e9 di ricorrere agli altri mezzi di tutela previsti dalla normativa applicabile.<br>Tali diritti possono essere esercitati, inviando una comunicazione scritta al Titolare del trattamento all\u2019indirizzo e-mail&nbsp;info@wizmedia.it<\/p>\n<p><!-- \/wp:heading --><\/p>\t\t\t\t\t<\/div>\n\t\t\t\t\t\t<\/div>\n\t\t\t\t<\/div>\n\t\t\t\t\t\t<\/div>\n\t\t\t\t\t<\/div>\n\t\t<\/div>\n\t\t\t\t\t\t\t\t<\/div>\n\t\t\t\t\t<\/div>\n\t\t<\/section>\n\t\t\t\t\t\t\t\t\t<\/div>\n\t\t\t<\/div>\n\t\t\t\t\t<\/div>","protected":false},"excerpt":{"rendered":"<p>Privacy Policy Di seguito&nbsp;Wiz Media Srl, Le fornisce ai sensi dell\u2019articolo 13 del Regolamento Europeo n. 2016\/679, relativo alla protezione delle persone fisiche con riguardo al trattamento dei dati personali (di seguito \u201cGDPR\u201d) e della Raccomandazione n.2\/2001 del Gruppo di Lavoro art 29 della direttiva 95\/46\/CE alcune informazioni relative al trattamento dei Suoi dati personali [&hellip;]<\/p>","protected":false},"author":1,"featured_media":0,"parent":0,"menu_order":0,"comment_status":"closed","ping_status":"open","template":"","meta":{"_mi_skip_tracking":false,"footnotes":""},"class_list":["post-3033","page","type-page","status-publish","hentry"],"yoast_head":"<!-- This site is optimized with the Yoast SEO plugin v20.7 - https:\/\/yoast.com\/wordpress\/plugins\/seo\/ -->\n<title>Privacy Policy - Wizmedia<\/title>\n<meta name=\"robots\" content=\"index, follow, max-snippet:-1, max-image-preview:large, max-video-preview:-1\" \/>\n<link rel=\"canonical\" href=\"https:\/\/wizmedia.it\/en\/privacy-policy-2\/\" \/>\n<meta property=\"og:locale\" content=\"en_US\" \/>\n<meta property=\"og:type\" content=\"article\" \/>\n<meta property=\"og:title\" content=\"Privacy Policy - Wizmedia\" \/>\n<meta property=\"og:description\" content=\"Privacy Policy Di seguito&nbsp;Wiz Media Srl, Le fornisce ai sensi dell\u2019articolo 13 del Regolamento Europeo n. 2016\/679, relativo alla protezione delle persone fisiche con riguardo al trattamento dei dati personali (di seguito \u201cGDPR\u201d) e della Raccomandazione n.2\/2001 del Gruppo di Lavoro art 29 della direttiva 95\/46\/CE alcune informazioni relative al trattamento dei Suoi dati personali [&hellip;]\" \/>\n<meta property=\"og:url\" content=\"https:\/\/wizmedia.it\/en\/privacy-policy-2\/\" \/>\n<meta property=\"og:site_name\" content=\"Wizmedia\" \/>\n<meta property=\"article:modified_time\" content=\"2021-08-02T09:11:36+00:00\" \/>\n<meta name=\"twitter:card\" content=\"summary_large_image\" \/>\n<meta name=\"twitter:label1\" content=\"Est. reading time\" \/>\n\t<meta name=\"twitter:data1\" content=\"4 minutes\" \/>\n<script type=\"application\/ld+json\" class=\"yoast-schema-graph\">{\"@context\":\"https:\/\/schema.org\",\"@graph\":[{\"@type\":\"WebPage\",\"@id\":\"https:\/\/wizmedia.it\/privacy-policy-2\/\",\"url\":\"https:\/\/wizmedia.it\/privacy-policy-2\/\",\"name\":\"Privacy Policy - Wizmedia\",\"isPartOf\":{\"@id\":\"https:\/\/wizmedia.it\/#website\"},\"datePublished\":\"2020-03-10T15:36:27+00:00\",\"dateModified\":\"2021-08-02T09:11:36+00:00\",\"breadcrumb\":{\"@id\":\"https:\/\/wizmedia.it\/privacy-policy-2\/#breadcrumb\"},\"inLanguage\":\"en-US\",\"potentialAction\":[{\"@type\":\"ReadAction\",\"target\":[\"https:\/\/wizmedia.it\/privacy-policy-2\/\"]}]},{\"@type\":\"BreadcrumbList\",\"@id\":\"https:\/\/wizmedia.it\/privacy-policy-2\/#breadcrumb\",\"itemListElement\":[{\"@type\":\"ListItem\",\"position\":1,\"name\":\"Home\",\"item\":\"https:\/\/wizmedia.it\/\"},{\"@type\":\"ListItem\",\"position\":2,\"name\":\"Privacy Policy\"}]},{\"@type\":\"WebSite\",\"@id\":\"https:\/\/wizmedia.it\/#website\",\"url\":\"https:\/\/wizmedia.it\/\",\"name\":\"Wizmedia\",\"description\":\"Contenuti Televisivi, Cinematografici e Multimediali.\",\"potentialAction\":[{\"@type\":\"SearchAction\",\"target\":{\"@type\":\"EntryPoint\",\"urlTemplate\":\"https:\/\/wizmedia.it\/?s={search_term_string}\"},\"query-input\":\"required name=search_term_string\"}],\"inLanguage\":\"en-US\"}]}<\/script>\n<!-- \/ Yoast SEO plugin. -->","yoast_head_json":{"title":"Privacy Policy - Wizmedia","robots":{"index":"index","follow":"follow","max-snippet":"max-snippet:-1","max-image-preview":"max-image-preview:large","max-video-preview":"max-video-preview:-1"},"canonical":"https:\/\/wizmedia.it\/en\/privacy-policy-2\/","og_locale":"en_US","og_type":"article","og_title":"Privacy Policy - Wizmedia","og_description":"Privacy Policy Di seguito&nbsp;Wiz Media Srl, Le fornisce ai sensi dell\u2019articolo 13 del Regolamento Europeo n. 2016\/679, relativo alla protezione delle persone fisiche con riguardo al trattamento dei dati personali (di seguito \u201cGDPR\u201d) e della Raccomandazione n.2\/2001 del Gruppo di Lavoro art 29 della direttiva 95\/46\/CE alcune informazioni relative al trattamento dei Suoi dati personali [&hellip;]","og_url":"https:\/\/wizmedia.it\/en\/privacy-policy-2\/","og_site_name":"Wizmedia","article_modified_time":"2021-08-02T09:11:36+00:00","twitter_card":"summary_large_image","twitter_misc":{"Est. reading time":"4 minutes"},"schema":{"@context":"https:\/\/schema.org","@graph":[{"@type":"WebPage","@id":"https:\/\/wizmedia.it\/privacy-policy-2\/","url":"https:\/\/wizmedia.it\/privacy-policy-2\/","name":"Privacy Policy - Wizmedia","isPartOf":{"@id":"https:\/\/wizmedia.it\/#website"},"datePublished":"2020-03-10T15:36:27+00:00","dateModified":"2021-08-02T09:11:36+00:00","breadcrumb":{"@id":"https:\/\/wizmedia.it\/privacy-policy-2\/#breadcrumb"},"inLanguage":"en-US","potentialAction":[{"@type":"ReadAction","target":["https:\/\/wizmedia.it\/privacy-policy-2\/"]}]},{"@type":"BreadcrumbList","@id":"https:\/\/wizmedia.it\/privacy-policy-2\/#breadcrumb","itemListElement":[{"@type":"ListItem","position":1,"name":"Home","item":"https:\/\/wizmedia.it\/"},{"@type":"ListItem","position":2,"name":"Privacy Policy"}]},{"@type":"WebSite","@id":"https:\/\/wizmedia.it\/#website","url":"https:\/\/wizmedia.it\/","name":"Wizmedia","description":"Contenuti Televisivi, Cinematografici e Multimediali.","potentialAction":[{"@type":"SearchAction","target":{"@type":"EntryPoint","urlTemplate":"https:\/\/wizmedia.it\/?s={search_term_string}"},"query-input":"required name=search_term_string"}],"inLanguage":"en-US"}]}},"_links":{"self":[{"href":"https:\/\/wizmedia.it\/en\/wp-json\/wp\/v2\/pages\/3033","targetHints":{"allow":["GET"]}}],"collection":[{"href":"https:\/\/wizmedia.it\/en\/wp-json\/wp\/v2\/pages"}],"about":[{"href":"https:\/\/wizmedia.it\/en\/wp-json\/wp\/v2\/types\/page"}],"author":[{"embeddable":true,"href":"https:\/\/wizmedia.it\/en\/wp-json\/wp\/v2\/users\/1"}],"replies":[{"embeddable":true,"href":"https:\/\/wizmedia.it\/en\/wp-json\/wp\/v2\/comments?post=3033"}],"version-history":[{"count":9,"href":"https:\/\/wizmedia.it\/en\/wp-json\/wp\/v2\/pages\/3033\/revisions"}],"predecessor-version":[{"id":7186,"href":"https:\/\/wizmedia.it\/en\/wp-json\/wp\/v2\/pages\/3033\/revisions\/7186"}],"wp:attachment":[{"href":"https:\/\/wizmedia.it\/en\/wp-json\/wp\/v2\/media?parent=3033"}],"curies":[{"name":"wp","href":"https:\/\/api.w.org\/{rel}","templated":true}]}}